{"id":5,"date":"2023-05-03T06:01:09","date_gmt":"2023-05-03T06:01:09","guid":{"rendered":"http:\/\/www.harmonymedspa.hu\/?page_id=5"},"modified":"2023-05-03T19:05:08","modified_gmt":"2023-05-03T19:05:08","slug":"kapcsolat","status":"publish","type":"page","link":"http:\/\/www.harmonymedspa.hu\/","title":{"rendered":"Kapcsolat"},"content":{"rendered":"\n<h3 class=\"wp-block-heading\">El\u00e9rhet\u0151s\u00e9g<\/h3>\n\n\n\n<div class=\"wp-block-columns is-layout-flex wp-container-3\">\n<div class=\"wp-block-column is-layout-flow\" style=\"flex-basis:66.66%\">\n<iframe src=\"https:\/\/www.google.com\/maps\/embed?pb=!1m18!1m12!1m3!1d2697.5141458825533!2d18.95432687671585!3d47.46040949806096!2m3!1f0!2f0!3f0!3m2!1i1024!2i768!4f13.1!3m3!1m2!1s0x4741df3e36028a3f%3A0x9b846bf618e0cc50!2sHarmony-Med%20Spa!5e0!3m2!1shu!2shu!4v1683092670389!5m2!1shu!2shu\" width=\"600\" height=\"450\" style=\"border:0;\" allowfullscreen=\"\" loading=\"lazy\" referrerpolicy=\"no-referrer-when-downgrade\"><\/iframe>\n<\/div>\n\n\n\n<div class=\"wp-block-column is-layout-flow\" style=\"flex-basis:33.33%\">\n<p><\/p>\n\n\n\n<p style=\"font-size:0.9rem\">C\u00edm: 2040 Buda\u00f6rs <br>Szabads\u00e1g \u00dat 61<br>Telefonsz\u00e1m: 06202866616<br>E-mail: fannigyogymasszazs@gmail.com<\/p>\n\n\n\n<p><a href=\"https:\/\/harmony-med-spa.salonic.hu\/\" data-type=\"URL\" data-id=\"https:\/\/harmony-med-spa.salonic.hu\/\" target=\"_blank\" rel=\"noreferrer noopener\">Online id\u0151pontfoglal\u00e1s:<\/a><\/p>\n\n\n\n<p class=\"has-small-font-size\">Nyitvatart\u00e1s :<br>H\u00e9tf\u0151: 10:00 &#8211; 20:00<br>Kedd: 10:00 &#8211; 20:00<br>Szerda: 10:00 &#8211; 21:15<br>Cs\u00fct\u00f6rt\u00f6k: 10:00 &#8211; 20:00<br>P\u00e9ntek: 08:00 &#8211; 15:00<br>Szombat: Z\u00e1rva<br>Vas\u00e1rnap: Z\u00e1rva<\/p>\n<\/div>\n<\/div>\n","protected":false},"excerpt":{"rendered":"<p>El\u00e9rhet\u0151s\u00e9g C\u00edm: 2040 Buda\u00f6rs Szabads\u00e1g \u00dat 61Telefonsz\u00e1m: 06202866616E-mail: fannigyogymasszazs@gmail.com Online id\u0151pontfoglal\u00e1s: Nyitvatart\u00e1s :H\u00e9tf\u0151: 10:00 &#8211; 20:00Kedd: 10:00 &#8211; 20:00Szerda: 10:00 &#8211; 21:15Cs\u00fct\u00f6rt\u00f6k: 10:00 &#8211; 20:00P\u00e9ntek: 08:00 &#8211; 15:00Szombat: Z\u00e1rvaVas\u00e1rnap: Z\u00e1rva<\/p>\n","protected":false},"author":1,"featured_media":0,"parent":0,"menu_order":0,"comment_status":"closed","ping_status":"closed","template":"","meta":[],"jetpack-related-posts":[],"_links":{"self":[{"href":"http:\/\/www.harmonymedspa.hu\/index.php\/wp-json\/wp\/v2\/pages\/5"}],"collection":[{"href":"http:\/\/www.harmonymedspa.hu\/index.php\/wp-json\/wp\/v2\/pages"}],"about":[{"href":"http:\/\/www.harmonymedspa.hu\/index.php\/wp-json\/wp\/v2\/types\/page"}],"author":[{"embeddable":true,"href":"http:\/\/www.harmonymedspa.hu\/index.php\/wp-json\/wp\/v2\/users\/1"}],"replies":[{"embeddable":true,"href":"http:\/\/www.harmonymedspa.hu\/index.php\/wp-json\/wp\/v2\/comments?post=5"}],"version-history":[{"count":11,"href":"http:\/\/www.harmonymedspa.hu\/index.php\/wp-json\/wp\/v2\/pages\/5\/revisions"}],"predecessor-version":[{"id":35,"href":"http:\/\/www.harmonymedspa.hu\/index.php\/wp-json\/wp\/v2\/pages\/5\/revisions\/35"}],"wp:attachment":[{"href":"http:\/\/www.harmonymedspa.hu\/index.php\/wp-json\/wp\/v2\/media?parent=5"}],"curies":[{"name":"wp","href":"https:\/\/api.w.org\/{rel}","templated":true}]}}